{"id":200,"date":"2018-02-20T11:10:31","date_gmt":"2018-02-20T10:10:31","guid":{"rendered":"http:\/\/mastocytoza.e-ngo.pl\/?page_id=200"},"modified":"2018-02-20T11:10:31","modified_gmt":"2018-02-20T10:10:31","slug":"ania","status":"publish","type":"page","link":"http:\/\/mastocytoza.e-ngo.pl\/?page_id=200","title":{"rendered":"Ania"},"content":{"rendered":"<p align=\"justify\"><span style=\"color: #4b4f56;\"><span style=\"font-family: Helvetica, Arial, sans-serif;\"><span style=\"font-size: medium;\">Objawy mastocytozy w sumie mia\u0142am od dziecka. Pami\u0119tam, \u017ce cz\u0119sto bola\u0142 mnie brzuch, krew z nosa co chwile lecia\u0142a, mia\u0142am problemy z koncentracj\u0105 i cz\u0119ste zmiany humoru. W wieku 11 lat (rok 1995) po k\u0105pielach pojawia\u0142 si\u0119 na nogach marmurek, po roku na zaj\u0119ciach sportowych pokrzywka, p\u00f3\u017aniej pierwsze br\u0105zowe kropki na brzuchu, p\u00f3\u017aniej na udach. By\u0142y to pojedyncze kropeczki, nikt nie wiedzia\u0142 co to jest, dopiero biopsja potwierdzi\u0142a urticarie pigmentose (pokrzywk\u0119 barwnikow\u0105). Za bardzo nikt si\u0119 tym nie przej\u0105\u0142, zalecono tylko leki antyhistaminowe objawowo. Przez kolejne lata nikt nie zaleci\u0142 bada\u0144 specjalistycznych. Kropek ci\u0105gle przybywa\u0142o, coraz cz\u0119\u015bciej zdarza\u0142y si\u0119 b\u00f3le brzucha. Najgorsze reakcje mia\u0142am zawsze na zimno\/wilgo\u0107 i stres. Choroba bardzo post\u0105pi\u0142a po silnej infekcji dr\u00f3g moczowych. W 2009 roku pierwszy raz mia\u0142am badan\u0105 tryptaz\u0119 oraz biopsj\u0119 szpiku. Wysypana wtedy by\u0142am ju\u017c kompletnie wsz\u0119dzie. Lekarze takiej UP jeszcze nie widzieli. Wyniki by\u0142y nast\u0119puj\u0105ce &#8211; tryptaza 159, diagnoza smoldering systemic mastocytosis. W roku 2012 mia\u0142am siln\u0105 reakcj\u0119 na ibuprofen. W 2014 pierwszy wstrz\u0105s (nie wiadomo czym do ko\u0144ca spowodowany). Kolejny w 2015 spowodowany aspiryn\u0105 (125mg), rok p\u00f3\u017aniej w ci\u0105gu 3 dni 2 kolejne wstrz\u0105sy spowodowane paracetamolem (2000mg w ci\u0105gu 4h). Wstrz\u0105sy zawsze zaczyna\u0142y si\u0119 objawami grypopodobnymi, b\u00f3lem g\u0142owy i temperatur\u0105. Towarzyszy\u0142y im spadki ci\u015bnienia i wysokie t\u0119tno. Staram si\u0119 \u017cy\u0107 normalnie, aczkolwiek po prze\u017cytych wstrz\u0105sach czuje respekt wobec tej choroby i niekt\u00f3rych rzeczy kategorycznie unikam. Mocno reaguj\u0119 na salicylany, kt\u00f3re s\u0105 niestety wsz\u0119dzie (r\u00f3wnie\u017c w kosmetykach, perfumach, \u015brodkach czysto\u015bci). Leki kt\u00f3re za\u017cywam na co dzie\u0144 to &#8211; Ranigast, Telfast, Vit D, Vit K, Vit B6 i B12, Ketotifen, Chromolyn Sodium, Prednisolen Ratunkowo &#8211; Emesan, Prednisolen i Epipen.<\/span><\/span><\/span><\/p>\n","protected":false},"excerpt":{"rendered":"<p>Objawy mastocytozy w sumie mia\u0142am od dziecka. Pami\u0119tam, \u017ce cz\u0119sto bola\u0142 mnie brzuch, krew z nosa co chwile lecia\u0142a, mia\u0142am problemy z koncentracj\u0105 i cz\u0119ste zmiany humoru. W wieku 11 <a class=\"more-link\" href=\"http:\/\/mastocytoza.e-ngo.pl\/?page_id=200\">Read More &#8230;<\/a><\/p>\n","protected":false},"author":1,"featured_media":0,"parent":0,"menu_order":0,"comment_status":"closed","ping_status":"closed","template":"","meta":{"footnotes":""},"class_list":["post-200","page","type-page","status-publish","hentry"],"_links":{"self":[{"href":"http:\/\/mastocytoza.e-ngo.pl\/index.php?rest_route=\/wp\/v2\/pages\/200","targetHints":{"allow":["GET"]}}],"collection":[{"href":"http:\/\/mastocytoza.e-ngo.pl\/index.php?rest_route=\/wp\/v2\/pages"}],"about":[{"href":"http:\/\/mastocytoza.e-ngo.pl\/index.php?rest_route=\/wp\/v2\/types\/page"}],"author":[{"embeddable":true,"href":"http:\/\/mastocytoza.e-ngo.pl\/index.php?rest_route=\/wp\/v2\/users\/1"}],"replies":[{"embeddable":true,"href":"http:\/\/mastocytoza.e-ngo.pl\/index.php?rest_route=%2Fwp%2Fv2%2Fcomments&post=200"}],"version-history":[{"count":1,"href":"http:\/\/mastocytoza.e-ngo.pl\/index.php?rest_route=\/wp\/v2\/pages\/200\/revisions"}],"predecessor-version":[{"id":201,"href":"http:\/\/mastocytoza.e-ngo.pl\/index.php?rest_route=\/wp\/v2\/pages\/200\/revisions\/201"}],"wp:attachment":[{"href":"http:\/\/mastocytoza.e-ngo.pl\/index.php?rest_route=%2Fwp%2Fv2%2Fmedia&parent=200"}],"curies":[{"name":"wp","href":"https:\/\/api.w.org\/{rel}","templated":true}]}}