{"id":38,"date":"2017-01-15T18:54:41","date_gmt":"2017-01-15T17:54:41","guid":{"rendered":"http:\/\/localhost:8080\/wordpress\/?page_id=38"},"modified":"2019-02-12T12:13:40","modified_gmt":"2019-02-12T11:13:40","slug":"protokoly","status":"publish","type":"page","link":"http:\/\/mastocytoza.e-ngo.pl\/?page_id=38","title":{"rendered":"Informacje dla Cz\u0142onk\u00f3w Stowarzyszenia"},"content":{"rendered":"<p><strong>Stan rozlicze\u0144 finansowych Stowarzyszenia<\/strong><\/p>\n<p><img loading=\"lazy\" decoding=\"async\" class=\"wp-image-178 aligncenter\" src=\"http:\/\/mastocytoza.e-ngo.pl\/wp-content\/uploads\/2017\/01\/rozliczenie_112017-300x242.jpg\" alt=\"\" width=\"327\" height=\"264\" srcset=\"http:\/\/mastocytoza.e-ngo.pl\/wp-content\/uploads\/2017\/01\/rozliczenie_112017-300x242.jpg 300w, http:\/\/mastocytoza.e-ngo.pl\/wp-content\/uploads\/2017\/01\/rozliczenie_112017-186x150.jpg 186w, http:\/\/mastocytoza.e-ngo.pl\/wp-content\/uploads\/2017\/01\/rozliczenie_112017.jpg 576w\" sizes=\"auto, (max-width: 327px) 100vw, 327px\" \/><\/p>\n<p><strong>Zebranie cz\u0142onk\u00f3w Stowarzyszenia &#8211; 12.07.2017<\/strong><\/p>\n<p><strong>Zebranie cz\u0142onk\u00f3w Stowarzyszenia &#8211; 17.09.2016<\/strong><\/p>\n<p><strong>Zebranie cz\u0142onk\u00f3w Stowarzyszenia &#8211; 18.06.2016<\/strong><\/p>\n<ul>\n<li><a href=\"http:\/\/mastocytoza.e-ngo.pl\/wp-content\/uploads\/2017\/01\/uchwaly_18062016.pdf\">Uchwa\u0142y<\/a><\/li>\n<li><a href=\"http:\/\/mastocytoza.e-ngo.pl\/wp-content\/uploads\/2017\/01\/protokol_z_glosowania.pdf\">Protok\u00f3\u0142<\/a><\/li>\n<\/ul>\n<p><strong>Rozliczenia podatkowe<\/strong><\/p>\n<ul>\n<li><a href=\"http:\/\/mastocytoza.e-ngo.pl\/wp-content\/uploads\/2017\/01\/CIT-824_2016.pdf\">Za rok 2016<\/a><\/li>\n<\/ul>\n<p>&nbsp;<\/p>\n","protected":false},"excerpt":{"rendered":"<p>Stan rozlicze\u0144 finansowych Stowarzyszenia Zebranie cz\u0142onk\u00f3w Stowarzyszenia &#8211; 12.07.2017 Zebranie cz\u0142onk\u00f3w Stowarzyszenia &#8211; 17.09.2016 Zebranie cz\u0142onk\u00f3w Stowarzyszenia &#8211; 18.06.2016 Uchwa\u0142y Protok\u00f3\u0142 Rozliczenia podatkowe Za rok 2016 &nbsp;<\/p>\n","protected":false},"author":1,"featured_media":0,"parent":0,"menu_order":0,"comment_status":"closed","ping_status":"closed","template":"","meta":{"footnotes":""},"class_list":["post-38","page","type-page","status-publish","hentry"],"_links":{"self":[{"href":"http:\/\/mastocytoza.e-ngo.pl\/index.php?rest_route=\/wp\/v2\/pages\/38","targetHints":{"allow":["GET"]}}],"collection":[{"href":"http:\/\/mastocytoza.e-ngo.pl\/index.php?rest_route=\/wp\/v2\/pages"}],"about":[{"href":"http:\/\/mastocytoza.e-ngo.pl\/index.php?rest_route=\/wp\/v2\/types\/page"}],"author":[{"embeddable":true,"href":"http:\/\/mastocytoza.e-ngo.pl\/index.php?rest_route=\/wp\/v2\/users\/1"}],"replies":[{"embeddable":true,"href":"http:\/\/mastocytoza.e-ngo.pl\/index.php?rest_route=%2Fwp%2Fv2%2Fcomments&post=38"}],"version-history":[{"count":8,"href":"http:\/\/mastocytoza.e-ngo.pl\/index.php?rest_route=\/wp\/v2\/pages\/38\/revisions"}],"predecessor-version":[{"id":281,"href":"http:\/\/mastocytoza.e-ngo.pl\/index.php?rest_route=\/wp\/v2\/pages\/38\/revisions\/281"}],"wp:attachment":[{"href":"http:\/\/mastocytoza.e-ngo.pl\/index.php?rest_route=%2Fwp%2Fv2%2Fmedia&parent=38"}],"curies":[{"name":"wp","href":"https:\/\/api.w.org\/{rel}","templated":true}]}}