{"id":41,"date":"2017-01-15T18:55:09","date_gmt":"2017-01-15T17:55:09","guid":{"rendered":"http:\/\/localhost:8080\/wordpress\/?page_id=41"},"modified":"2017-11-04T14:46:17","modified_gmt":"2017-11-04T13:46:17","slug":"linki","status":"publish","type":"page","link":"http:\/\/mastocytoza.e-ngo.pl\/?page_id=41","title":{"rendered":"Linki"},"content":{"rendered":"<p><a href=\"https:\/\/www.facebook.com\/groups\/MastocytozaPolska\/?ref=bookmarks\">Grupa<\/a> Stowarzyszenia na FB<\/p>\n<p><a href=\"https:\/\/alergologia.gumed.edu.pl\/\">Klinika Alegologii Gda\u0144skiego Uniwerytetu Medycznego<\/a> &#8211; o\u015brodek leczenia i diagnostyki mastocytozy<\/p>\n<p><a href=\"http:\/\/www.rzadkiechoroby.pl\/\">Krajowe Forum na Rzecz Terapii Chor\u00f3b Rzadkich ORPHAN<\/a><\/p>\n<p>&nbsp;<\/p>\n","protected":false},"excerpt":{"rendered":"<p>Grupa Stowarzyszenia na FB Klinika Alegologii Gda\u0144skiego Uniwerytetu Medycznego &#8211; o\u015brodek leczenia i diagnostyki mastocytozy Krajowe Forum na Rzecz Terapii Chor\u00f3b Rzadkich ORPHAN &nbsp;<\/p>\n","protected":false},"author":1,"featured_media":0,"parent":0,"menu_order":0,"comment_status":"closed","ping_status":"closed","template":"","meta":{"footnotes":""},"class_list":["post-41","page","type-page","status-publish","hentry"],"_links":{"self":[{"href":"http:\/\/mastocytoza.e-ngo.pl\/index.php?rest_route=\/wp\/v2\/pages\/41","targetHints":{"allow":["GET"]}}],"collection":[{"href":"http:\/\/mastocytoza.e-ngo.pl\/index.php?rest_route=\/wp\/v2\/pages"}],"about":[{"href":"http:\/\/mastocytoza.e-ngo.pl\/index.php?rest_route=\/wp\/v2\/types\/page"}],"author":[{"embeddable":true,"href":"http:\/\/mastocytoza.e-ngo.pl\/index.php?rest_route=\/wp\/v2\/users\/1"}],"replies":[{"embeddable":true,"href":"http:\/\/mastocytoza.e-ngo.pl\/index.php?rest_route=%2Fwp%2Fv2%2Fcomments&post=41"}],"version-history":[{"count":4,"href":"http:\/\/mastocytoza.e-ngo.pl\/index.php?rest_route=\/wp\/v2\/pages\/41\/revisions"}],"predecessor-version":[{"id":160,"href":"http:\/\/mastocytoza.e-ngo.pl\/index.php?rest_route=\/wp\/v2\/pages\/41\/revisions\/160"}],"wp:attachment":[{"href":"http:\/\/mastocytoza.e-ngo.pl\/index.php?rest_route=%2Fwp%2Fv2%2Fmedia&parent=41"}],"curies":[{"name":"wp","href":"https:\/\/api.w.org\/{rel}","templated":true}]}}