{"id":47,"date":"2017-01-15T18:55:59","date_gmt":"2017-01-15T17:55:59","guid":{"rendered":"http:\/\/localhost:8080\/wordpress\/?page_id=47"},"modified":"2017-11-04T14:44:32","modified_gmt":"2017-11-04T13:44:32","slug":"historia","status":"publish","type":"page","link":"http:\/\/mastocytoza.e-ngo.pl\/?page_id=47","title":{"rendered":"Historia"},"content":{"rendered":"<p>02.02.2017 &#8211; Stowarzyszenie Chorych na Mastocytoz\u0119 zosta\u0142o cz\u0142onkiem Krajowego Forum na Rzecz Terapii Chor\u00f3b Rzadkich ORPHAN<\/p>\n<p>05.04.2016 &#8211; rejestracja Stowarzyszenia Chorych na Mastocytoz\u0119 w Rejestrze Stowarzysze\u0144<\/p>\n<p>23.02.2016 &#8211; zebranie za\u0142o\u017cyczielskie Stowarzyszenia Chorych na Mastocytoz\u0119<\/p>\n","protected":false},"excerpt":{"rendered":"<p>02.02.2017 &#8211; Stowarzyszenie Chorych na Mastocytoz\u0119 zosta\u0142o cz\u0142onkiem Krajowego Forum na Rzecz Terapii Chor\u00f3b Rzadkich ORPHAN 05.04.2016 &#8211; rejestracja Stowarzyszenia Chorych na Mastocytoz\u0119 w Rejestrze Stowarzysze\u0144 23.02.2016 &#8211; zebranie za\u0142o\u017cyczielskie <a class=\"more-link\" href=\"http:\/\/mastocytoza.e-ngo.pl\/?page_id=47\">Read More &#8230;<\/a><\/p>\n","protected":false},"author":1,"featured_media":0,"parent":0,"menu_order":0,"comment_status":"closed","ping_status":"closed","template":"","meta":{"footnotes":""},"class_list":["post-47","page","type-page","status-publish","hentry"],"_links":{"self":[{"href":"http:\/\/mastocytoza.e-ngo.pl\/index.php?rest_route=\/wp\/v2\/pages\/47","targetHints":{"allow":["GET"]}}],"collection":[{"href":"http:\/\/mastocytoza.e-ngo.pl\/index.php?rest_route=\/wp\/v2\/pages"}],"about":[{"href":"http:\/\/mastocytoza.e-ngo.pl\/index.php?rest_route=\/wp\/v2\/types\/page"}],"author":[{"embeddable":true,"href":"http:\/\/mastocytoza.e-ngo.pl\/index.php?rest_route=\/wp\/v2\/users\/1"}],"replies":[{"embeddable":true,"href":"http:\/\/mastocytoza.e-ngo.pl\/index.php?rest_route=%2Fwp%2Fv2%2Fcomments&post=47"}],"version-history":[{"count":3,"href":"http:\/\/mastocytoza.e-ngo.pl\/index.php?rest_route=\/wp\/v2\/pages\/47\/revisions"}],"predecessor-version":[{"id":159,"href":"http:\/\/mastocytoza.e-ngo.pl\/index.php?rest_route=\/wp\/v2\/pages\/47\/revisions\/159"}],"wp:attachment":[{"href":"http:\/\/mastocytoza.e-ngo.pl\/index.php?rest_route=%2Fwp%2Fv2%2Fmedia&parent=47"}],"curies":[{"name":"wp","href":"https:\/\/api.w.org\/{rel}","templated":true}]}}