{"id":56,"date":"2017-01-15T18:57:01","date_gmt":"2017-01-15T17:57:01","guid":{"rendered":"http:\/\/localhost:8080\/wordpress\/?page_id=56"},"modified":"2019-02-12T12:02:41","modified_gmt":"2019-02-12T11:02:41","slug":"wladze","status":"publish","type":"page","link":"http:\/\/mastocytoza.e-ngo.pl\/?page_id=56","title":{"rendered":"W\u0142adze"},"content":{"rendered":"<p style=\"text-align: center;\">Prezes Stowarzyszenia &#8211; Monika Kalisiak<br \/>\nWiceprezes Stowarzyszenia &#8211; Anna Skibi\u0144ska<br \/>\nCz\u0142onek Zarz\u0105du &#8211; Monika Babicz<br \/>\nSkarbnik &#8211; Agnieszka Pers<\/p>\n","protected":false},"excerpt":{"rendered":"<p>Prezes Stowarzyszenia &#8211; Monika Kalisiak Wiceprezes Stowarzyszenia &#8211; Anna Skibi\u0144ska Cz\u0142onek Zarz\u0105du &#8211; Monika Babicz Skarbnik &#8211; Agnieszka Pers<\/p>\n","protected":false},"author":1,"featured_media":0,"parent":0,"menu_order":0,"comment_status":"closed","ping_status":"closed","template":"","meta":{"footnotes":""},"class_list":["post-56","page","type-page","status-publish","hentry"],"_links":{"self":[{"href":"http:\/\/mastocytoza.e-ngo.pl\/index.php?rest_route=\/wp\/v2\/pages\/56","targetHints":{"allow":["GET"]}}],"collection":[{"href":"http:\/\/mastocytoza.e-ngo.pl\/index.php?rest_route=\/wp\/v2\/pages"}],"about":[{"href":"http:\/\/mastocytoza.e-ngo.pl\/index.php?rest_route=\/wp\/v2\/types\/page"}],"author":[{"embeddable":true,"href":"http:\/\/mastocytoza.e-ngo.pl\/index.php?rest_route=\/wp\/v2\/users\/1"}],"replies":[{"embeddable":true,"href":"http:\/\/mastocytoza.e-ngo.pl\/index.php?rest_route=%2Fwp%2Fv2%2Fcomments&post=56"}],"version-history":[{"count":5,"href":"http:\/\/mastocytoza.e-ngo.pl\/index.php?rest_route=\/wp\/v2\/pages\/56\/revisions"}],"predecessor-version":[{"id":278,"href":"http:\/\/mastocytoza.e-ngo.pl\/index.php?rest_route=\/wp\/v2\/pages\/56\/revisions\/278"}],"wp:attachment":[{"href":"http:\/\/mastocytoza.e-ngo.pl\/index.php?rest_route=%2Fwp%2Fv2%2Fmedia&parent=56"}],"curies":[{"name":"wp","href":"https:\/\/api.w.org\/{rel}","templated":true}]}}