{"id":62,"date":"2017-01-15T18:57:32","date_gmt":"2017-01-15T17:57:32","guid":{"rendered":"http:\/\/localhost:8080\/wordpress\/?page_id=62"},"modified":"2019-02-12T11:19:04","modified_gmt":"2019-02-12T10:19:04","slug":"dolacz-do-nas","status":"publish","type":"page","link":"http:\/\/mastocytoza.e-ngo.pl\/?page_id=62","title":{"rendered":"Do\u0142\u0105cz do nas"},"content":{"rendered":"<p style=\"text-align: center;\"><strong>Chcesz zosta\u0107 cz\u0142on\u00adkiem Sto\u00adwa\u00adrzy\u00adsze\u00adnia? <\/strong><\/p>\n<p style=\"text-align: center;\">Pobierz dekla\u00adra\u00adcj\u0119 cz\u0142on\u00adkow\u00adsk\u0105, wype\u0142nij j\u0105 i wy\u015blij na adres:<\/p>\n<p style=\"text-align: center;\">Stowarzyszenie Chorych na Mastocytoz\u0119<br \/>\nul. \u015ar\u00f3dziemnomorska 55b\/92<br \/>\n02-758 Warszawa<\/p>\n<p style=\"margin: 0cm; margin-bottom: .0001pt; text-align: center;\" align=\"center\">Konto bankowe Stowarzyszenia:<\/p>\n<p style=\"margin: 0cm; margin-bottom: .0001pt; text-align: center;\" align=\"center\">Raiffeisen Bank Polska<\/p>\n<p style=\"margin: 0cm; margin-bottom: .0001pt; text-align: center;\" align=\"center\">02 1750 0012 0000 0000 3338 9213<\/p>\n<p align=\"center\">\n<p style=\"text-align: center;\"><a href=\"http:\/\/mastocytoza.e-ngo.pl\/wp-content\/uploads\/2017\/01\/deklaracja_czlonkowska_2017.pdf\">Deklaracja cz\u0142onkowska<\/a><\/p>\n<p style=\"text-align: center;\"><a href=\"http:\/\/mastocytoza.e-ngo.pl\/wp-content\/uploads\/2017\/01\/uchwala.pdf\">Uchwa\u0142a<\/a><\/p>\n","protected":false},"excerpt":{"rendered":"<p>Chcesz zosta\u0107 cz\u0142on\u00adkiem Sto\u00adwa\u00adrzy\u00adsze\u00adnia? Pobierz dekla\u00adra\u00adcj\u0119 cz\u0142on\u00adkow\u00adsk\u0105, wype\u0142nij j\u0105 i wy\u015blij na adres: Stowarzyszenie Chorych na Mastocytoz\u0119 ul. \u015ar\u00f3dziemnomorska 55b\/92 02-758 Warszawa Konto bankowe Stowarzyszenia: Raiffeisen Bank Polska 02 1750 <a class=\"more-link\" href=\"http:\/\/mastocytoza.e-ngo.pl\/?page_id=62\">Read More &#8230;<\/a><\/p>\n","protected":false},"author":1,"featured_media":0,"parent":0,"menu_order":0,"comment_status":"closed","ping_status":"closed","template":"","meta":{"footnotes":""},"class_list":["post-62","page","type-page","status-publish","hentry"],"_links":{"self":[{"href":"http:\/\/mastocytoza.e-ngo.pl\/index.php?rest_route=\/wp\/v2\/pages\/62","targetHints":{"allow":["GET"]}}],"collection":[{"href":"http:\/\/mastocytoza.e-ngo.pl\/index.php?rest_route=\/wp\/v2\/pages"}],"about":[{"href":"http:\/\/mastocytoza.e-ngo.pl\/index.php?rest_route=\/wp\/v2\/types\/page"}],"author":[{"embeddable":true,"href":"http:\/\/mastocytoza.e-ngo.pl\/index.php?rest_route=\/wp\/v2\/users\/1"}],"replies":[{"embeddable":true,"href":"http:\/\/mastocytoza.e-ngo.pl\/index.php?rest_route=%2Fwp%2Fv2%2Fcomments&post=62"}],"version-history":[{"count":9,"href":"http:\/\/mastocytoza.e-ngo.pl\/index.php?rest_route=\/wp\/v2\/pages\/62\/revisions"}],"predecessor-version":[{"id":274,"href":"http:\/\/mastocytoza.e-ngo.pl\/index.php?rest_route=\/wp\/v2\/pages\/62\/revisions\/274"}],"wp:attachment":[{"href":"http:\/\/mastocytoza.e-ngo.pl\/index.php?rest_route=%2Fwp%2Fv2%2Fmedia&parent=62"}],"curies":[{"name":"wp","href":"https:\/\/api.w.org\/{rel}","templated":true}]}}