{"id":65,"date":"2017-01-15T18:57:51","date_gmt":"2017-01-15T17:57:51","guid":{"rendered":"http:\/\/localhost:8080\/wordpress\/?page_id=65"},"modified":"2019-02-12T11:22:19","modified_gmt":"2019-02-12T10:22:19","slug":"kontakt","status":"publish","type":"page","link":"http:\/\/mastocytoza.e-ngo.pl\/?page_id=65","title":{"rendered":"Kontakt"},"content":{"rendered":"<p style=\"text-align: center;\"><strong>Stowarzyszenie Chorych na Mastocytoz\u0119<\/strong><br \/>\nul. \u015ar\u00f3dziemnomorska 55b\/92<br \/>\n02-758 Warszawa<br \/>\n<strong>NIP<\/strong> 8992787555<br \/>\n<strong>Regon<\/strong> 364127253<br \/>\n<strong>KRS<\/strong> 0000610893<\/p>\n<p style=\"margin: 0cm; margin-bottom: .0001pt; text-align: center;\" align=\"center\">Konto bankowe Stowarzyszenia:<\/p>\n<p style=\"margin: 0cm; margin-bottom: .0001pt; text-align: center;\" align=\"center\"><strong>Raiffeisen Bank Polska<\/strong><\/p>\n<p style=\"margin: 0cm; margin-bottom: .0001pt; text-align: center;\" align=\"center\"><strong>02 1750 0012 0000 0000 3338 9213<\/strong><\/p>\n<p align=\"center\">\n<p style=\"text-align: center;\">Kontakt mailowy: info@mastocytoza.pl<\/p>\n<p style=\"text-align: center;\"><a href=\"https:\/\/www.facebook.com\/groups\/MastocytozaPolska\/?ref=bookmarks\">Grupa na FB <\/a><\/p>\n","protected":false},"excerpt":{"rendered":"<p>Stowarzyszenie Chorych na Mastocytoz\u0119 ul. \u015ar\u00f3dziemnomorska 55b\/92 02-758 Warszawa NIP 8992787555 Regon 364127253 KRS 0000610893 Konto bankowe Stowarzyszenia: Raiffeisen Bank Polska 02 1750 0012 0000 0000 3338 9213 Kontakt mailowy: <a class=\"more-link\" href=\"http:\/\/mastocytoza.e-ngo.pl\/?page_id=65\">Read More &#8230;<\/a><\/p>\n","protected":false},"author":1,"featured_media":0,"parent":0,"menu_order":0,"comment_status":"closed","ping_status":"closed","template":"","meta":{"footnotes":""},"class_list":["post-65","page","type-page","status-publish","hentry"],"_links":{"self":[{"href":"http:\/\/mastocytoza.e-ngo.pl\/index.php?rest_route=\/wp\/v2\/pages\/65","targetHints":{"allow":["GET"]}}],"collection":[{"href":"http:\/\/mastocytoza.e-ngo.pl\/index.php?rest_route=\/wp\/v2\/pages"}],"about":[{"href":"http:\/\/mastocytoza.e-ngo.pl\/index.php?rest_route=\/wp\/v2\/types\/page"}],"author":[{"embeddable":true,"href":"http:\/\/mastocytoza.e-ngo.pl\/index.php?rest_route=\/wp\/v2\/users\/1"}],"replies":[{"embeddable":true,"href":"http:\/\/mastocytoza.e-ngo.pl\/index.php?rest_route=%2Fwp%2Fv2%2Fcomments&post=65"}],"version-history":[{"count":7,"href":"http:\/\/mastocytoza.e-ngo.pl\/index.php?rest_route=\/wp\/v2\/pages\/65\/revisions"}],"predecessor-version":[{"id":275,"href":"http:\/\/mastocytoza.e-ngo.pl\/index.php?rest_route=\/wp\/v2\/pages\/65\/revisions\/275"}],"wp:attachment":[{"href":"http:\/\/mastocytoza.e-ngo.pl\/index.php?rest_route=%2Fwp%2Fv2%2Fmedia&parent=65"}],"curies":[{"name":"wp","href":"https:\/\/api.w.org\/{rel}","templated":true}]}}